{"id":2857,"date":"2026-01-19T06:35:03","date_gmt":"2026-01-19T06:35:03","guid":{"rendered":"https:\/\/hoponnshop.shop\/?post_type=product&#038;p=2857"},"modified":"2026-01-19T06:43:54","modified_gmt":"2026-01-19T06:43:54","slug":"spelec-3600mwh-compatible-con-pilas-de-litio-aa-8-pack-con-cargador-rapido-bateria-recargable-1-5v-de-larga-duracion-de-gran-capacidad-pack-de-baterias-aa-smart-charging-dock-con-indicador-led","status":"publish","type":"product","link":"https:\/\/hoponnshop.shop\/es\/producto\/spelec-3600mwh-compatible-con-pilas-de-litio-aa-8-pack-con-cargador-rapido-bateria-recargable-1-5v-de-larga-duracion-de-gran-capacidad-pack-de-baterias-aa-smart-charging-dock-con-indicador-led\/","title":{"rendered":"SPELEC 3600mWh Compatible con pilas de litio AA 8 pack con cargador r\u00e1pido, bater\u00eda recargable 1.5V de larga duraci\u00f3n de gran capacidad pack de bater\u00edas AA Smart Charging Dock con indicador LED"},"content":{"rendered":"<p><img fetchpriority=\"high\" decoding=\"async\" class=\"aligncenter\" src=\"https:\/\/hoponnshop.shop\/wp-content\/uploads\/2026\/01\/1-43.png\" sizes=\"(max-width: 800px) 100vw, 800px\" srcset=\"https:\/\/hoponnshop.shop\/wp-content\/uploads\/2026\/01\/1-43.png 800w, https:\/\/hoponnshop.shop\/wp-content\/uploads\/2026\/01\/1-43-300x300_1.png 300w, https:\/\/hoponnshop.shop\/wp-content\/uploads\/2026\/01\/1-43-150x150_1.png 150w, https:\/\/hoponnshop.shop\/wp-content\/uploads\/2026\/01\/1-43-768x768_1.png 768w, https:\/\/hoponnshop.shop\/wp-content\/uploads\/2026\/01\/1-43-600x600_1.png 600w, https:\/\/hoponnshop.shop\/wp-content\/uploads\/2026\/01\/1-43-100x100_1.png 100w, https:\/\/hoponnshop.shop\/wp-content\/uploads\/2026\/01\/1-43-50x50_1.png 50w\" alt=\"\" width=\"800\" height=\"800\" \/><br \/>\n<img decoding=\"async\" class=\"aligncenter\" src=\"https:\/\/hoponnshop.shop\/wp-content\/uploads\/2026\/01\/2-48.png\" sizes=\"(max-width: 800px) 100vw, 800px\" srcset=\"https:\/\/hoponnshop.shop\/wp-content\/uploads\/2026\/01\/2-48.png 800w, https:\/\/hoponnshop.shop\/wp-content\/uploads\/2026\/01\/2-48-300x300_1.png 300w, https:\/\/hoponnshop.shop\/wp-content\/uploads\/2026\/01\/2-48-150x150_1.png 150w, https:\/\/hoponnshop.shop\/wp-content\/uploads\/2026\/01\/2-48-768x768_1.png 768w, https:\/\/hoponnshop.shop\/wp-content\/uploads\/2026\/01\/2-48-600x600_1.png 600w, https:\/\/hoponnshop.shop\/wp-content\/uploads\/2026\/01\/2-48-100x100_1.png 100w, https:\/\/hoponnshop.shop\/wp-content\/uploads\/2026\/01\/2-48-50x50_1.png 50w\" alt=\"\" width=\"800\" height=\"800\" \/><br \/>\n<img decoding=\"async\" class=\"aligncenter\" src=\"https:\/\/hoponnshop.shop\/wp-content\/uploads\/2026\/01\/3-43.png\" sizes=\"(max-width: 800px) 100vw, 800px\" srcset=\"https:\/\/hoponnshop.shop\/wp-content\/uploads\/2026\/01\/3-43.png 800w, https:\/\/hoponnshop.shop\/wp-content\/uploads\/2026\/01\/3-43-300x300_1.png 300w, https:\/\/hoponnshop.shop\/wp-content\/uploads\/2026\/01\/3-43-150x150_1.png 150w, https:\/\/hoponnshop.shop\/wp-content\/uploads\/2026\/01\/3-43-768x768_1.png 768w, https:\/\/hoponnshop.shop\/wp-content\/uploads\/2026\/01\/3-43-600x600_1.png 600w, https:\/\/hoponnshop.shop\/wp-content\/uploads\/2026\/01\/3-43-100x100_1.png 100w, https:\/\/hoponnshop.shop\/wp-content\/uploads\/2026\/01\/3-43-50x50_1.png 50w\" alt=\"\" width=\"800\" height=\"800\" \/><br \/>\n<img loading=\"lazy\" decoding=\"async\" class=\"aligncenter\" src=\"https:\/\/hoponnshop.shop\/wp-content\/uploads\/2026\/01\/4-41.png\" sizes=\"(max-width: 800px) 100vw, 800px\" srcset=\"https:\/\/hoponnshop.shop\/wp-content\/uploads\/2026\/01\/4-41.png 800w, https:\/\/hoponnshop.shop\/wp-content\/uploads\/2026\/01\/4-41-300x300_1.png 300w, https:\/\/hoponnshop.shop\/wp-content\/uploads\/2026\/01\/4-41-150x150_1.png 150w, https:\/\/hoponnshop.shop\/wp-content\/uploads\/2026\/01\/4-41-768x768_1.png 768w, https:\/\/hoponnshop.shop\/wp-content\/uploads\/2026\/01\/4-41-600x600_1.png 600w, https:\/\/hoponnshop.shop\/wp-content\/uploads\/2026\/01\/4-41-100x100_1.png 100w, https:\/\/hoponnshop.shop\/wp-content\/uploads\/2026\/01\/4-41-50x50_1.png 50w\" alt=\"\" width=\"800\" height=\"800\" \/><\/p>\n<ul>\n<li>Dise\u00f1o de larga duraci\u00f3n, 1600 ciclos: Adopta la tecnolog\u00eda de encapsulaci\u00f3n CBPI de \u00faltima generaci\u00f3n, que prolonga enormemente la vida \u00fatil, garantiza un rendimiento estable y reduce el tiempo de carga a s\u00f3lo 2,5 horas. 1600 veces cargado repetidamente, 240% vida de uso extendida, pero la capacidad tambi\u00e9n se incrementa en 30%. Una carga se puede utilizar durante mucho tiempo<\/li>\n<li>Carga r\u00e1pida en 2,5 horas: Equipado con una funci\u00f3n de \"carga inteligente\" que mide el voltaje y la temperatura de la bater\u00eda durante la carga, reduciendo la carga innecesaria. Cada bater\u00eda viene con una luz LED verde para ver el estado de carga. Adem\u00e1s, se puede cargar r\u00e1pidamente. De 1 a 8 botellas se cargar\u00e1n en unas 2,5 horas.<\/li>\n<\/ul>","protected":false},"excerpt":{"rendered":"<p>Long life design, 1600 cycles: Adopts cutting-edge CBPI encapsulation technology, which greatly extends the service life, ensures stable performance and reduces charging time to only 2.5 hours. 1600 times repeatedly charged, 240% extended usage life, but the capacity is also increased by 30%. One charge can be used for a long time 2.5 Hour Fast [&hellip;]<\/p>","protected":false},"featured_media":2858,"comment_status":"open","ping_status":"closed","template":"","meta":{"_acf_changed":false},"product_brand":[],"product_cat":[41],"product_tag":[],"class_list":{"0":"post-2857","1":"product","2":"type-product","3":"status-publish","4":"has-post-thumbnail","6":"product_cat-home-living","8":"first","9":"instock","10":"sale","11":"shipping-taxable","12":"purchasable","13":"product-type-simple"},"acf":[],"_links":{"self":[{"href":"https:\/\/hoponnshop.shop\/es\/wp-json\/wp\/v2\/product\/2857","targetHints":{"allow":["GET"]}}],"collection":[{"href":"https:\/\/hoponnshop.shop\/es\/wp-json\/wp\/v2\/product"}],"about":[{"href":"https:\/\/hoponnshop.shop\/es\/wp-json\/wp\/v2\/types\/product"}],"replies":[{"embeddable":true,"href":"https:\/\/hoponnshop.shop\/es\/wp-json\/wp\/v2\/comments?post=2857"}],"version-history":[{"count":0,"href":"https:\/\/hoponnshop.shop\/es\/wp-json\/wp\/v2\/product\/2857\/revisions"}],"wp:featuredmedia":[{"embeddable":true,"href":"https:\/\/hoponnshop.shop\/es\/wp-json\/wp\/v2\/media\/2858"}],"wp:attachment":[{"href":"https:\/\/hoponnshop.shop\/es\/wp-json\/wp\/v2\/media?parent=2857"}],"wp:term":[{"taxonomy":"product_brand","embeddable":true,"href":"https:\/\/hoponnshop.shop\/es\/wp-json\/wp\/v2\/product_brand?post=2857"},{"taxonomy":"product_cat","embeddable":true,"href":"https:\/\/hoponnshop.shop\/es\/wp-json\/wp\/v2\/product_cat?post=2857"},{"taxonomy":"product_tag","embeddable":true,"href":"https:\/\/hoponnshop.shop\/es\/wp-json\/wp\/v2\/product_tag?post=2857"}],"curies":[{"name":"wp","href":"https:\/\/api.w.org\/{rel}","templated":true}]}}