{"id":2705,"date":"2026-01-06T03:32:00","date_gmt":"2026-01-06T03:32:00","guid":{"rendered":"https:\/\/hoponnshop.shop\/?post_type=product&#038;p=2705"},"modified":"2026-01-08T17:09:24","modified_gmt":"2026-01-08T17:09:24","slug":"portable-car-jump-starter-with-air-compressor-5000a-12v-gasoline-diesel-engine-battery-enhancer-fast-charging-usb-output-jump-box-for-car-battery","status":"publish","type":"product","link":"https:\/\/hoponnshop.shop\/es\/producto\/portable-car-jump-starter-with-air-compressor-5000a-12v-gasoline-diesel-engine-battery-enhancer-fast-charging-usb-output-jump-box-for-car-battery\/","title":{"rendered":"Arrancador de Salto de Coche Port\u00e1til con Compresor de Aire, 5000A 12V Potenciador de Bater\u00eda de Motor de Gasolina y Diesel, Caja de Salto de Salida USB de Carga R\u00e1pida para Bater\u00eda de Coche"},"content":{"rendered":"<div data-elementor-type=\"product-post\" data-elementor-id=\"2705\" class=\"elementor elementor-2705\" data-elementor-post-type=\"product\">\n\t\t\t\t<div class=\"elementor-element elementor-element-3f688f6f e-flex e-con-boxed e-con e-parent\" data-id=\"3f688f6f\" data-element_type=\"container\" data-settings=\"{&quot;ekit_has_onepagescroll_dot&quot;:&quot;yes&quot;}\">\n\t\t\t\t\t<div class=\"e-con-inner\">\n\t\t\t\t<div class=\"elementor-element elementor-element-4b2550ab elementor-widget elementor-widget-text-editor\" data-id=\"4b2550ab\" data-element_type=\"widget\" data-settings=\"{&quot;ekit_we_effect_on&quot;:&quot;none&quot;}\" data-widget_type=\"text-editor.default\">\n\t\t\t\t<div class=\"elementor-widget-container\">\n\t\t\t\t\t\t\t\t\t<p><img fetchpriority=\"high\" decoding=\"async\" class=\"aligncenter\" src=\"https:\/\/hoponnshop.shop\/wp-content\/uploads\/2026\/01\/2-3.png\" sizes=\"(max-width: 800px) 100vw, 800px\" srcset=\"https:\/\/hoponnshop.shop\/wp-content\/uploads\/2026\/01\/2-3.png 800w, https:\/\/hoponnshop.shop\/wp-content\/uploads\/2026\/01\/2-3-300x300_1.png 300w, https:\/\/hoponnshop.shop\/wp-content\/uploads\/2026\/01\/2-3-150x150_1.png 150w, https:\/\/hoponnshop.shop\/wp-content\/uploads\/2026\/01\/2-3-768x768_1.png 768w, https:\/\/hoponnshop.shop\/wp-content\/uploads\/2026\/01\/2-3-600x600_1.png 600w, https:\/\/hoponnshop.shop\/wp-content\/uploads\/2026\/01\/2-3-100x100_1.png 100w, https:\/\/hoponnshop.shop\/wp-content\/uploads\/2026\/01\/2-3-50x50_1.png 50w\" alt=\"\" width=\"800\" height=\"800\" \/><img decoding=\"async\" class=\"aligncenter\" src=\"https:\/\/hoponnshop.shop\/wp-content\/uploads\/2026\/01\/1-2.png\" sizes=\"(max-width: 800px) 100vw, 800px\" srcset=\"https:\/\/hoponnshop.shop\/wp-content\/uploads\/2026\/01\/1-2.png 800w, https:\/\/hoponnshop.shop\/wp-content\/uploads\/2026\/01\/1-2-300x300_1.png 300w, https:\/\/hoponnshop.shop\/wp-content\/uploads\/2026\/01\/1-2-150x150_1.png 150w, https:\/\/hoponnshop.shop\/wp-content\/uploads\/2026\/01\/1-2-768x768_1.png 768w, https:\/\/hoponnshop.shop\/wp-content\/uploads\/2026\/01\/1-2-600x600_1.png 600w, https:\/\/hoponnshop.shop\/wp-content\/uploads\/2026\/01\/1-2-100x100_1.png 100w, https:\/\/hoponnshop.shop\/wp-content\/uploads\/2026\/01\/1-2-50x50_1.png 50w\" alt=\"\" width=\"800\" height=\"800\" \/><br \/><img decoding=\"async\" class=\"aligncenter\" src=\"https:\/\/hoponnshop.shop\/wp-content\/uploads\/2026\/01\/3-2.png\" sizes=\"(max-width: 800px) 100vw, 800px\" srcset=\"https:\/\/hoponnshop.shop\/wp-content\/uploads\/2026\/01\/3-2.png 800w, https:\/\/hoponnshop.shop\/wp-content\/uploads\/2026\/01\/3-2-300x300_1.png 300w, https:\/\/hoponnshop.shop\/wp-content\/uploads\/2026\/01\/3-2-150x150_1.png 150w, https:\/\/hoponnshop.shop\/wp-content\/uploads\/2026\/01\/3-2-768x768_1.png 768w, https:\/\/hoponnshop.shop\/wp-content\/uploads\/2026\/01\/3-2-600x600_1.png 600w, https:\/\/hoponnshop.shop\/wp-content\/uploads\/2026\/01\/3-2-100x100_1.png 100w, https:\/\/hoponnshop.shop\/wp-content\/uploads\/2026\/01\/3-2-50x50_1.png 50w\" alt=\"\" width=\"800\" height=\"800\" \/><img loading=\"lazy\" decoding=\"async\" class=\"aligncenter\" src=\"https:\/\/hoponnshop.shop\/wp-content\/uploads\/2026\/01\/7.png\" sizes=\"(max-width: 800px) 100vw, 800px\" srcset=\"https:\/\/hoponnshop.shop\/wp-content\/uploads\/2026\/01\/7.png 800w, https:\/\/hoponnshop.shop\/wp-content\/uploads\/2026\/01\/7-300x300_1.png 300w, https:\/\/hoponnshop.shop\/wp-content\/uploads\/2026\/01\/7-150x150_1.png 150w, https:\/\/hoponnshop.shop\/wp-content\/uploads\/2026\/01\/7-768x768_1.png 768w, https:\/\/hoponnshop.shop\/wp-content\/uploads\/2026\/01\/7-600x600_1.png 600w, https:\/\/hoponnshop.shop\/wp-content\/uploads\/2026\/01\/7-100x100_1.png 100w, https:\/\/hoponnshop.shop\/wp-content\/uploads\/2026\/01\/7-50x50_1.png 50w\" alt=\"\" width=\"800\" height=\"800\" \/><img loading=\"lazy\" decoding=\"async\" class=\"aligncenter\" src=\"https:\/\/hoponnshop.shop\/wp-content\/uploads\/2026\/01\/9-1.png\" sizes=\"(max-width: 800px) 100vw, 800px\" srcset=\"https:\/\/hoponnshop.shop\/wp-content\/uploads\/2026\/01\/9-1.png 800w, https:\/\/hoponnshop.shop\/wp-content\/uploads\/2026\/01\/9-1-300x300_1.png 300w, https:\/\/hoponnshop.shop\/wp-content\/uploads\/2026\/01\/9-1-150x150_1.png 150w, https:\/\/hoponnshop.shop\/wp-content\/uploads\/2026\/01\/9-1-768x768_1.png 768w, https:\/\/hoponnshop.shop\/wp-content\/uploads\/2026\/01\/9-1-600x600_1.png 600w, https:\/\/hoponnshop.shop\/wp-content\/uploads\/2026\/01\/9-1-100x100_1.png 100w, https:\/\/hoponnshop.shop\/wp-content\/uploads\/2026\/01\/9-1-50x50_1.png 50w\" alt=\"\" width=\"800\" height=\"800\" \/><br \/>[Salida de alta potencia]:Equipado con una potente bater\u00eda de 640OmAh\/80oOmAh, este dispositivo puede arrancar f\u00e1cilmente motores de gasolina y di\u00e9sel.<br \/>Compresor de aire integrado\u3011:Equipado con compresor de aire,permite inflar neumaticos,ampliando su funcionalidad para emergencias en carretera.<br \/>[Carga rapida USB]:Incluye una salida USB de carga rapida, que permite cargar dispositivos de forma rapida y<br \/>eficiente mientras se est\u00e1 en movimiento.<br \/>[Protecciones de seguridad\u3011\uff1aIncorpora m\u00faltiples protecciones de seguridad, garantizando un funcionamiento seguro durante arranques de emergencia y otros usos.<br \/>[Set de Accesorios Completos\u3011:Vien3e con accesorios esenciales, incluyendo cables de arranque, una bomba de aire y un adaptador para coche para mayor versatilidad.<\/p>\t\t\t\t\t\t\t\t<\/div>\n\t\t\t\t<\/div>\n\t\t\t\t\t<\/div>\n\t\t\t\t<\/div>\n\t\t\t\t<\/div>","protected":false},"excerpt":{"rendered":"<p>[Salida de alta potencia]:Equipado con una potente bateria de 640OmAh\/80oOmAh, este dispositivo puede arrancar f\u00e1cilmente motores de gasolina y di\u00e9sel.Compresor de aire integrado\u3011:Equipado con compresor de aire,permite inflar neumaticos,ampliando su funcionalidad para emergencias en carretera.[Carga rapida USB]:Incluye una salida USB de carga rapida, que permite cargar dispositivos de forma rapida yeficiente mientras se est\u00e1 en [&hellip;]<\/p>","protected":false},"featured_media":2708,"comment_status":"open","ping_status":"closed","template":"","meta":{"_acf_changed":false},"product_brand":[],"product_cat":[41],"product_tag":[],"class_list":{"0":"post-2705","1":"product","2":"type-product","3":"status-publish","4":"has-post-thumbnail","6":"product_cat-home-living","8":"first","9":"instock","10":"sale","11":"shipping-taxable","12":"purchasable","13":"product-type-variable","14":"wvs-archive-product-wrapper"},"acf":[],"_links":{"self":[{"href":"https:\/\/hoponnshop.shop\/es\/wp-json\/wp\/v2\/product\/2705","targetHints":{"allow":["GET"]}}],"collection":[{"href":"https:\/\/hoponnshop.shop\/es\/wp-json\/wp\/v2\/product"}],"about":[{"href":"https:\/\/hoponnshop.shop\/es\/wp-json\/wp\/v2\/types\/product"}],"replies":[{"embeddable":true,"href":"https:\/\/hoponnshop.shop\/es\/wp-json\/wp\/v2\/comments?post=2705"}],"version-history":[{"count":0,"href":"https:\/\/hoponnshop.shop\/es\/wp-json\/wp\/v2\/product\/2705\/revisions"}],"wp:featuredmedia":[{"embeddable":true,"href":"https:\/\/hoponnshop.shop\/es\/wp-json\/wp\/v2\/media\/2708"}],"wp:attachment":[{"href":"https:\/\/hoponnshop.shop\/es\/wp-json\/wp\/v2\/media?parent=2705"}],"wp:term":[{"taxonomy":"product_brand","embeddable":true,"href":"https:\/\/hoponnshop.shop\/es\/wp-json\/wp\/v2\/product_brand?post=2705"},{"taxonomy":"product_cat","embeddable":true,"href":"https:\/\/hoponnshop.shop\/es\/wp-json\/wp\/v2\/product_cat?post=2705"},{"taxonomy":"product_tag","embeddable":true,"href":"https:\/\/hoponnshop.shop\/es\/wp-json\/wp\/v2\/product_tag?post=2705"}],"curies":[{"name":"wp","href":"https:\/\/api.w.org\/{rel}","templated":true}]}}