{"id":2352,"date":"2025-12-02T03:06:51","date_gmt":"2025-12-02T03:06:51","guid":{"rendered":"https:\/\/hoponnshop.shop\/?post_type=product&#038;p=2352"},"modified":"2025-12-22T11:09:32","modified_gmt":"2025-12-22T11:09:32","slug":"urzante-aceite-de-oliva-virgen-extra-5-litros-calidad-premium-sabor-intenso","status":"publish","type":"product","link":"https:\/\/hoponnshop.shop\/es\/producto\/urzante-aceite-de-oliva-virgen-extra-5-litros-calidad-premium-sabor-intenso\/","title":{"rendered":"Urzante Aceite de Oliva Virgen Extra 5 Litros, Calidad Premium, Sabor Intenso"},"content":{"rendered":"<div data-elementor-type=\"product-post\" data-elementor-id=\"2352\" class=\"elementor elementor-2352\" data-elementor-post-type=\"product\">\n\t\t\t\t<div class=\"elementor-element elementor-element-7f8b4b2 e-flex e-con-boxed e-con e-parent\" data-id=\"7f8b4b2\" data-element_type=\"container\" data-settings=\"{&quot;ekit_has_onepagescroll_dot&quot;:&quot;yes&quot;}\">\n\t\t\t\t\t<div class=\"e-con-inner\">\n\t\t\t\t<div class=\"elementor-element elementor-element-a40d45a elementor-widget elementor-widget-image\" data-id=\"a40d45a\" data-element_type=\"widget\" data-settings=\"{&quot;ekit_we_effect_on&quot;:&quot;none&quot;}\" data-widget_type=\"image.default\">\n\t\t\t\t<div class=\"elementor-widget-container\">\n\t\t\t\t\t\t\t\t\t\t\t\t\t\t\t<img fetchpriority=\"high\" decoding=\"async\" width=\"800\" height=\"800\" src=\"https:\/\/hoponnshop.shop\/wp-content\/uploads\/2025\/12\/f53effe8b0754029ac0f29c257bcf84etplv-t5fjg24jzw-resize-webp_800_800-1.webp\" class=\"attachment-large size-large wp-image-2396 wvs-archive-product-image\" alt=\"\" srcset=\"https:\/\/hoponnshop.shop\/wp-content\/uploads\/2025\/12\/f53effe8b0754029ac0f29c257bcf84etplv-t5fjg24jzw-resize-webp_800_800-1.webp 800w, https:\/\/hoponnshop.shop\/wp-content\/uploads\/2025\/12\/f53effe8b0754029ac0f29c257bcf84etplv-t5fjg24jzw-resize-webp_800_800-1-300x300.webp 300w, https:\/\/hoponnshop.shop\/wp-content\/uploads\/2025\/12\/f53effe8b0754029ac0f29c257bcf84etplv-t5fjg24jzw-resize-webp_800_800-1-150x150.webp 150w, https:\/\/hoponnshop.shop\/wp-content\/uploads\/2025\/12\/f53effe8b0754029ac0f29c257bcf84etplv-t5fjg24jzw-resize-webp_800_800-1-768x768.webp 768w, https:\/\/hoponnshop.shop\/wp-content\/uploads\/2025\/12\/f53effe8b0754029ac0f29c257bcf84etplv-t5fjg24jzw-resize-webp_800_800-1-12x12.webp 12w, https:\/\/hoponnshop.shop\/wp-content\/uploads\/2025\/12\/f53effe8b0754029ac0f29c257bcf84etplv-t5fjg24jzw-resize-webp_800_800-1-110x110.webp 110w, https:\/\/hoponnshop.shop\/wp-content\/uploads\/2025\/12\/f53effe8b0754029ac0f29c257bcf84etplv-t5fjg24jzw-resize-webp_800_800-1-60x60.webp 60w, https:\/\/hoponnshop.shop\/wp-content\/uploads\/2025\/12\/f53effe8b0754029ac0f29c257bcf84etplv-t5fjg24jzw-resize-webp_800_800-1-600x600.webp 600w, https:\/\/hoponnshop.shop\/wp-content\/uploads\/2025\/12\/f53effe8b0754029ac0f29c257bcf84etplv-t5fjg24jzw-resize-webp_800_800-1-100x100.webp 100w, https:\/\/hoponnshop.shop\/wp-content\/uploads\/2025\/12\/f53effe8b0754029ac0f29c257bcf84etplv-t5fjg24jzw-resize-webp_800_800-1-50x50.webp 50w\" sizes=\"(max-width: 800px) 100vw, 800px\" \/>\t\t\t\t\t\t\t\t\t\t\t\t\t\t\t<\/div>\n\t\t\t\t<\/div>\n\t\t\t\t<div class=\"elementor-element elementor-element-c433812 elementor-widget elementor-widget-image\" data-id=\"c433812\" data-element_type=\"widget\" data-settings=\"{&quot;ekit_we_effect_on&quot;:&quot;none&quot;}\" data-widget_type=\"image.default\">\n\t\t\t\t<div class=\"elementor-widget-container\">\n\t\t\t\t\t\t\t\t\t\t\t\t\t\t\t<img decoding=\"async\" width=\"750\" height=\"750\" src=\"https:\/\/hoponnshop.shop\/wp-content\/uploads\/2025\/12\/672cb72e129748938c6ef8d545ff6076tplv-t5fjg24jzw-resize-webp_800_800-1.webp\" class=\"attachment-large size-large wp-image-2397 wvs-archive-product-image\" alt=\"\" srcset=\"https:\/\/hoponnshop.shop\/wp-content\/uploads\/2025\/12\/672cb72e129748938c6ef8d545ff6076tplv-t5fjg24jzw-resize-webp_800_800-1.webp 750w, https:\/\/hoponnshop.shop\/wp-content\/uploads\/2025\/12\/672cb72e129748938c6ef8d545ff6076tplv-t5fjg24jzw-resize-webp_800_800-1-300x300.webp 300w, https:\/\/hoponnshop.shop\/wp-content\/uploads\/2025\/12\/672cb72e129748938c6ef8d545ff6076tplv-t5fjg24jzw-resize-webp_800_800-1-150x150.webp 150w, https:\/\/hoponnshop.shop\/wp-content\/uploads\/2025\/12\/672cb72e129748938c6ef8d545ff6076tplv-t5fjg24jzw-resize-webp_800_800-1-12x12.webp 12w, https:\/\/hoponnshop.shop\/wp-content\/uploads\/2025\/12\/672cb72e129748938c6ef8d545ff6076tplv-t5fjg24jzw-resize-webp_800_800-1-110x110.webp 110w, https:\/\/hoponnshop.shop\/wp-content\/uploads\/2025\/12\/672cb72e129748938c6ef8d545ff6076tplv-t5fjg24jzw-resize-webp_800_800-1-60x60.webp 60w, https:\/\/hoponnshop.shop\/wp-content\/uploads\/2025\/12\/672cb72e129748938c6ef8d545ff6076tplv-t5fjg24jzw-resize-webp_800_800-1-600x600.webp 600w, https:\/\/hoponnshop.shop\/wp-content\/uploads\/2025\/12\/672cb72e129748938c6ef8d545ff6076tplv-t5fjg24jzw-resize-webp_800_800-1-100x100.webp 100w, https:\/\/hoponnshop.shop\/wp-content\/uploads\/2025\/12\/672cb72e129748938c6ef8d545ff6076tplv-t5fjg24jzw-resize-webp_800_800-1-50x50.webp 50w\" sizes=\"(max-width: 750px) 100vw, 750px\" \/>\t\t\t\t\t\t\t\t\t\t\t\t\t\t\t<\/div>\n\t\t\t\t<\/div>\n\t\t\t\t<div class=\"elementor-element elementor-element-b295a1f elementor-widget elementor-widget-image\" data-id=\"b295a1f\" data-element_type=\"widget\" data-settings=\"{&quot;ekit_we_effect_on&quot;:&quot;none&quot;}\" data-widget_type=\"image.default\">\n\t\t\t\t<div class=\"elementor-widget-container\">\n\t\t\t\t\t\t\t\t\t\t\t\t\t\t\t<img decoding=\"async\" width=\"750\" height=\"750\" src=\"https:\/\/hoponnshop.shop\/wp-content\/uploads\/2025\/12\/188f955c5e68466ca305ff21873afcc6tplv-t5fjg24jzw-resize-webp_800_800-1.webp\" class=\"attachment-large size-large wp-image-2395 wvs-archive-product-image\" alt=\"\" srcset=\"https:\/\/hoponnshop.shop\/wp-content\/uploads\/2025\/12\/188f955c5e68466ca305ff21873afcc6tplv-t5fjg24jzw-resize-webp_800_800-1.webp 750w, https:\/\/hoponnshop.shop\/wp-content\/uploads\/2025\/12\/188f955c5e68466ca305ff21873afcc6tplv-t5fjg24jzw-resize-webp_800_800-1-300x300.webp 300w, https:\/\/hoponnshop.shop\/wp-content\/uploads\/2025\/12\/188f955c5e68466ca305ff21873afcc6tplv-t5fjg24jzw-resize-webp_800_800-1-150x150.webp 150w, https:\/\/hoponnshop.shop\/wp-content\/uploads\/2025\/12\/188f955c5e68466ca305ff21873afcc6tplv-t5fjg24jzw-resize-webp_800_800-1-12x12.webp 12w, https:\/\/hoponnshop.shop\/wp-content\/uploads\/2025\/12\/188f955c5e68466ca305ff21873afcc6tplv-t5fjg24jzw-resize-webp_800_800-1-110x110.webp 110w, https:\/\/hoponnshop.shop\/wp-content\/uploads\/2025\/12\/188f955c5e68466ca305ff21873afcc6tplv-t5fjg24jzw-resize-webp_800_800-1-60x60.webp 60w, https:\/\/hoponnshop.shop\/wp-content\/uploads\/2025\/12\/188f955c5e68466ca305ff21873afcc6tplv-t5fjg24jzw-resize-webp_800_800-1-600x600.webp 600w, https:\/\/hoponnshop.shop\/wp-content\/uploads\/2025\/12\/188f955c5e68466ca305ff21873afcc6tplv-t5fjg24jzw-resize-webp_800_800-1-100x100.webp 100w, https:\/\/hoponnshop.shop\/wp-content\/uploads\/2025\/12\/188f955c5e68466ca305ff21873afcc6tplv-t5fjg24jzw-resize-webp_800_800-1-50x50.webp 50w\" sizes=\"(max-width: 750px) 100vw, 750px\" \/>\t\t\t\t\t\t\t\t\t\t\t\t\t\t\t<\/div>\n\t\t\t\t<\/div>\n\t\t\t\t<div class=\"elementor-element elementor-element-c6dfee6 elementor-widget elementor-widget-image\" data-id=\"c6dfee6\" data-element_type=\"widget\" data-settings=\"{&quot;ekit_we_effect_on&quot;:&quot;none&quot;}\" data-widget_type=\"image.default\">\n\t\t\t\t<div class=\"elementor-widget-container\">\n\t\t\t\t\t\t\t\t\t\t\t\t\t\t\t<img loading=\"lazy\" decoding=\"async\" width=\"750\" height=\"750\" src=\"https:\/\/hoponnshop.shop\/wp-content\/uploads\/2025\/12\/42d3abda700247f992ecf41018f9cf7ftplv-t5fjg24jzw-resize-webp_800_800-1.webp\" class=\"attachment-large size-large wp-image-2398 wvs-archive-product-image\" alt=\"\" srcset=\"https:\/\/hoponnshop.shop\/wp-content\/uploads\/2025\/12\/42d3abda700247f992ecf41018f9cf7ftplv-t5fjg24jzw-resize-webp_800_800-1.webp 750w, https:\/\/hoponnshop.shop\/wp-content\/uploads\/2025\/12\/42d3abda700247f992ecf41018f9cf7ftplv-t5fjg24jzw-resize-webp_800_800-1-300x300.webp 300w, https:\/\/hoponnshop.shop\/wp-content\/uploads\/2025\/12\/42d3abda700247f992ecf41018f9cf7ftplv-t5fjg24jzw-resize-webp_800_800-1-150x150.webp 150w, https:\/\/hoponnshop.shop\/wp-content\/uploads\/2025\/12\/42d3abda700247f992ecf41018f9cf7ftplv-t5fjg24jzw-resize-webp_800_800-1-12x12.webp 12w, https:\/\/hoponnshop.shop\/wp-content\/uploads\/2025\/12\/42d3abda700247f992ecf41018f9cf7ftplv-t5fjg24jzw-resize-webp_800_800-1-110x110.webp 110w, https:\/\/hoponnshop.shop\/wp-content\/uploads\/2025\/12\/42d3abda700247f992ecf41018f9cf7ftplv-t5fjg24jzw-resize-webp_800_800-1-60x60.webp 60w, https:\/\/hoponnshop.shop\/wp-content\/uploads\/2025\/12\/42d3abda700247f992ecf41018f9cf7ftplv-t5fjg24jzw-resize-webp_800_800-1-600x600.webp 600w, https:\/\/hoponnshop.shop\/wp-content\/uploads\/2025\/12\/42d3abda700247f992ecf41018f9cf7ftplv-t5fjg24jzw-resize-webp_800_800-1-100x100.webp 100w, https:\/\/hoponnshop.shop\/wp-content\/uploads\/2025\/12\/42d3abda700247f992ecf41018f9cf7ftplv-t5fjg24jzw-resize-webp_800_800-1-50x50.webp 50w\" sizes=\"(max-width: 750px) 100vw, 750px\" \/>\t\t\t\t\t\t\t\t\t\t\t\t\t\t\t<\/div>\n\t\t\t\t<\/div>\n\t\t\t\t<div class=\"elementor-element elementor-element-8e38713 elementor-widget elementor-widget-image\" data-id=\"8e38713\" data-element_type=\"widget\" data-settings=\"{&quot;ekit_we_effect_on&quot;:&quot;none&quot;}\" data-widget_type=\"image.default\">\n\t\t\t\t<div class=\"elementor-widget-container\">\n\t\t\t\t\t\t\t\t\t\t\t\t\t\t\t<img loading=\"lazy\" decoding=\"async\" width=\"754\" height=\"1000\" src=\"https:\/\/hoponnshop.shop\/wp-content\/uploads\/2025\/12\/7c3726e27ba24f1298f3064e10c198d1tplv-tulkllf4y5-resize-webp_800_1061-1.webp\" class=\"attachment-large size-large wp-image-2399 wvs-archive-product-image\" alt=\"\" srcset=\"https:\/\/hoponnshop.shop\/wp-content\/uploads\/2025\/12\/7c3726e27ba24f1298f3064e10c198d1tplv-tulkllf4y5-resize-webp_800_1061-1.webp 754w, https:\/\/hoponnshop.shop\/wp-content\/uploads\/2025\/12\/7c3726e27ba24f1298f3064e10c198d1tplv-tulkllf4y5-resize-webp_800_1061-1-226x300.webp 226w, https:\/\/hoponnshop.shop\/wp-content\/uploads\/2025\/12\/7c3726e27ba24f1298f3064e10c198d1tplv-tulkllf4y5-resize-webp_800_1061-1-9x12.webp 9w, https:\/\/hoponnshop.shop\/wp-content\/uploads\/2025\/12\/7c3726e27ba24f1298f3064e10c198d1tplv-tulkllf4y5-resize-webp_800_1061-1-110x146.webp 110w, https:\/\/hoponnshop.shop\/wp-content\/uploads\/2025\/12\/7c3726e27ba24f1298f3064e10c198d1tplv-tulkllf4y5-resize-webp_800_1061-1-60x80.webp 60w, https:\/\/hoponnshop.shop\/wp-content\/uploads\/2025\/12\/7c3726e27ba24f1298f3064e10c198d1tplv-tulkllf4y5-resize-webp_800_1061-1-600x796.webp 600w\" sizes=\"(max-width: 754px) 100vw, 754px\" \/>\t\t\t\t\t\t\t\t\t\t\t\t\t\t\t<\/div>\n\t\t\t\t<\/div>\n\t\t\t\t<div class=\"elementor-element elementor-element-7d29f3f5 elementor-widget elementor-widget-text-editor\" data-id=\"7d29f3f5\" data-element_type=\"widget\" data-settings=\"{&quot;ekit_we_effect_on&quot;:&quot;none&quot;}\" data-widget_type=\"text-editor.default\">\n\t\t\t\t<div class=\"elementor-widget-container\">\n\t\t\t\t\t\t\t\t\t<p>\u2705100% Aceite de oliva virgen extra<br \/>\u2705 Prensado en fr\u00edo para obtener el m\u00e1ximo sabor y nutrici\u00f3n.<br \/>\u2705 Generoso tama\u00f1o de 5 litros, perfecto para uso dom\u00e9stico y profesional<br \/>\u2705 Lata con cierre para mantener la frescura<br \/>\u2705 Importado de Espa\u00f1a para un sabor aut\u00e9ntico<\/p>\t\t\t\t\t\t\t\t<\/div>\n\t\t\t\t<\/div>\n\t\t\t\t\t<\/div>\n\t\t\t\t<\/div>\n\t\t\t\t<\/div>","protected":false},"excerpt":{"rendered":"<p>\u2705100% Aceite de Oliva Virgen Extra\u2705 Prensado en fr\u00edo para obtener el m\u00e1ximo sabor y nutrici\u00f3n\u2705 Generoso tama\u00f1o de 5L - perfecto para uso dom\u00e9stico y profesional\u2705 Lata con cierre para mantener la frescura\u2705 Importado de Espa\u00f1a para un sabor aut\u00e9ntico.<\/p>","protected":false},"featured_media":2353,"comment_status":"open","ping_status":"closed","template":"","meta":{"_acf_changed":false},"product_brand":[],"product_cat":[55],"product_tag":[],"class_list":{"0":"post-2352","1":"product","2":"type-product","3":"status-publish","4":"has-post-thumbnail","6":"product_cat-best-seller","8":"first","9":"instock","10":"sale","11":"shipping-taxable","12":"purchasable","13":"product-type-simple"},"acf":[],"_links":{"self":[{"href":"https:\/\/hoponnshop.shop\/es\/wp-json\/wp\/v2\/product\/2352","targetHints":{"allow":["GET"]}}],"collection":[{"href":"https:\/\/hoponnshop.shop\/es\/wp-json\/wp\/v2\/product"}],"about":[{"href":"https:\/\/hoponnshop.shop\/es\/wp-json\/wp\/v2\/types\/product"}],"replies":[{"embeddable":true,"href":"https:\/\/hoponnshop.shop\/es\/wp-json\/wp\/v2\/comments?post=2352"}],"version-history":[{"count":0,"href":"https:\/\/hoponnshop.shop\/es\/wp-json\/wp\/v2\/product\/2352\/revisions"}],"wp:featuredmedia":[{"embeddable":true,"href":"https:\/\/hoponnshop.shop\/es\/wp-json\/wp\/v2\/media\/2353"}],"wp:attachment":[{"href":"https:\/\/hoponnshop.shop\/es\/wp-json\/wp\/v2\/media?parent=2352"}],"wp:term":[{"taxonomy":"product_brand","embeddable":true,"href":"https:\/\/hoponnshop.shop\/es\/wp-json\/wp\/v2\/product_brand?post=2352"},{"taxonomy":"product_cat","embeddable":true,"href":"https:\/\/hoponnshop.shop\/es\/wp-json\/wp\/v2\/product_cat?post=2352"},{"taxonomy":"product_tag","embeddable":true,"href":"https:\/\/hoponnshop.shop\/es\/wp-json\/wp\/v2\/product_tag?post=2352"}],"curies":[{"name":"wp","href":"https:\/\/api.w.org\/{rel}","templated":true}]}}