{"id":2310,"date":"2025-11-12T08:05:07","date_gmt":"2025-11-12T08:05:07","guid":{"rendered":"https:\/\/hoponnshop.shop\/?post_type=product&#038;p=2310"},"modified":"2025-11-12T08:07:49","modified_gmt":"2025-11-12T08:07:49","slug":"gran-aroma-natural-y-mogorttini-intenso-2kg-de-cafe-en-grano","status":"publish","type":"product","link":"https:\/\/hoponnshop.shop\/es\/producto\/gran-aroma-natural-y-mogorttini-intenso-2kg-de-cafe-en-grano\/","title":{"rendered":"Gran Aroma Natural y Mogorttini Intenso 2kg de caf\u00e9 en grano"},"content":{"rendered":"<p><img fetchpriority=\"high\" decoding=\"async\" src=\"https:\/\/newbotay.shop\/wp-content\/uploads\/2025\/11\/7b00af9d0fc04b8780e27132ee7d8e18tplv-tulkllf4y5-resize-jpeg_800_800-1.jpeg\" sizes=\"(max-width: 800px) 100vw, 800px\" srcset=\"https:\/\/newbotay.shop\/wp-content\/uploads\/2025\/11\/7b00af9d0fc04b8780e27132ee7d8e18tplv-tulkllf4y5-resize-jpeg_800_800-1.jpeg 800w, https:\/\/newbotay.shop\/wp-content\/uploads\/2025\/11\/7b00af9d0fc04b8780e27132ee7d8e18tplv-tulkllf4y5-resize-jpeg_800_800-1-300x300.jpeg 300w, https:\/\/newbotay.shop\/wp-content\/uploads\/2025\/11\/7b00af9d0fc04b8780e27132ee7d8e18tplv-tulkllf4y5-resize-jpeg_800_800-1-150x150.jpeg 150w, https:\/\/newbotay.shop\/wp-content\/uploads\/2025\/11\/7b00af9d0fc04b8780e27132ee7d8e18tplv-tulkllf4y5-resize-jpeg_800_800-1-768x768.jpeg 768w, https:\/\/newbotay.shop\/wp-content\/uploads\/2025\/11\/7b00af9d0fc04b8780e27132ee7d8e18tplv-tulkllf4y5-resize-jpeg_800_800-1-12x12.jpeg 12w, https:\/\/newbotay.shop\/wp-content\/uploads\/2025\/11\/7b00af9d0fc04b8780e27132ee7d8e18tplv-tulkllf4y5-resize-jpeg_800_800-1-60x60.jpeg 60w, https:\/\/newbotay.shop\/wp-content\/uploads\/2025\/11\/7b00af9d0fc04b8780e27132ee7d8e18tplv-tulkllf4y5-resize-jpeg_800_800-1-110x110.jpeg 110w, https:\/\/newbotay.shop\/wp-content\/uploads\/2025\/11\/7b00af9d0fc04b8780e27132ee7d8e18tplv-tulkllf4y5-resize-jpeg_800_800-1-600x600.jpeg 600w, https:\/\/newbotay.shop\/wp-content\/uploads\/2025\/11\/7b00af9d0fc04b8780e27132ee7d8e18tplv-tulkllf4y5-resize-jpeg_800_800-1-130x130.jpeg 130w\" alt=\"\" width=\"800\" height=\"800\" \/><br \/>\n<img decoding=\"async\" src=\"https:\/\/newbotay.shop\/wp-content\/uploads\/2025\/11\/717twBcmMiL._SL1500_-2-1024x1024.jpg\" sizes=\"(max-width: 1024px) 100vw, 1024px\" srcset=\"https:\/\/newbotay.shop\/wp-content\/uploads\/2025\/11\/717twBcmMiL._SL1500_-2-1024x1024.jpg 1024w, https:\/\/newbotay.shop\/wp-content\/uploads\/2025\/11\/717twBcmMiL._SL1500_-2-300x300.jpg 300w, https:\/\/newbotay.shop\/wp-content\/uploads\/2025\/11\/717twBcmMiL._SL1500_-2-150x150.jpg 150w, https:\/\/newbotay.shop\/wp-content\/uploads\/2025\/11\/717twBcmMiL._SL1500_-2-768x768.jpg 768w, https:\/\/newbotay.shop\/wp-content\/uploads\/2025\/11\/717twBcmMiL._SL1500_-2-12x12.jpg 12w, https:\/\/newbotay.shop\/wp-content\/uploads\/2025\/11\/717twBcmMiL._SL1500_-2-60x60.jpg 60w, https:\/\/newbotay.shop\/wp-content\/uploads\/2025\/11\/717twBcmMiL._SL1500_-2-110x110.jpg 110w, https:\/\/newbotay.shop\/wp-content\/uploads\/2025\/11\/717twBcmMiL._SL1500_-2-600x600.jpg 600w, https:\/\/newbotay.shop\/wp-content\/uploads\/2025\/11\/717twBcmMiL._SL1500_-2-130x130.jpg 130w, https:\/\/newbotay.shop\/wp-content\/uploads\/2025\/11\/717twBcmMiL._SL1500_-2.jpg 1500w\" alt=\"\" width=\"1024\" height=\"1024\" \/><br \/>\n<img decoding=\"async\" src=\"https:\/\/newbotay.shop\/wp-content\/uploads\/2025\/11\/81TYSnfJN5L._SL1500_-2-1024x1024.jpg\" sizes=\"(max-width: 1024px) 100vw, 1024px\" srcset=\"https:\/\/newbotay.shop\/wp-content\/uploads\/2025\/11\/81TYSnfJN5L._SL1500_-2-1024x1024.jpg 1024w, https:\/\/newbotay.shop\/wp-content\/uploads\/2025\/11\/81TYSnfJN5L._SL1500_-2-300x300.jpg 300w, https:\/\/newbotay.shop\/wp-content\/uploads\/2025\/11\/81TYSnfJN5L._SL1500_-2-150x150.jpg 150w, https:\/\/newbotay.shop\/wp-content\/uploads\/2025\/11\/81TYSnfJN5L._SL1500_-2-768x768.jpg 768w, https:\/\/newbotay.shop\/wp-content\/uploads\/2025\/11\/81TYSnfJN5L._SL1500_-2-12x12.jpg 12w, https:\/\/newbotay.shop\/wp-content\/uploads\/2025\/11\/81TYSnfJN5L._SL1500_-2-60x60.jpg 60w, https:\/\/newbotay.shop\/wp-content\/uploads\/2025\/11\/81TYSnfJN5L._SL1500_-2-110x110.jpg 110w, https:\/\/newbotay.shop\/wp-content\/uploads\/2025\/11\/81TYSnfJN5L._SL1500_-2-600x600.jpg 600w, https:\/\/newbotay.shop\/wp-content\/uploads\/2025\/11\/81TYSnfJN5L._SL1500_-2-130x130.jpg 130w, https:\/\/newbotay.shop\/wp-content\/uploads\/2025\/11\/81TYSnfJN5L._SL1500_-2.jpg 1500w\" alt=\"\" width=\"1024\" height=\"1024\" \/><\/p>\n<ul>\n<li>Crema &amp; Aroma es una mezcla equilibrada de granos Ar\u00e1bica y Robusta cuidadosamente seleccionados.<\/li>\n<li>Su textura cremosa y duradera la hace ideal para sus recetas y preparaciones a base de leche.<\/li>\n<li>Ar\u00e1bica y Robusta, Intensidad: 8<\/li>\n<li>Aspecto: Crema dorada y color c\u00e1lido, Aroma: Notas de caramelo y chocolate, Sabor: Sabor arom\u00e1tico<\/li>\n<\/ul>","protected":false},"excerpt":{"rendered":"<p>Crema &amp; Aroma es una mezcla equilibrada de granos Ar\u00e1bica y Robusta cuidadosamente seleccionados. Su textura cremosa y duradera lo hace ideal para sus recetas y preparaciones a base de leche. Ar\u00e1bica y Robusta, Intensidad: 8 Aspecto: Crema dorada y color c\u00e1lido, Aroma: Notas de caramelo y chocolate, Sabor: Sabor arom\u00e1tico<\/p>","protected":false},"featured_media":2311,"comment_status":"open","ping_status":"closed","template":"","meta":{"_acf_changed":false},"product_brand":[],"product_cat":[41],"product_tag":[],"class_list":{"0":"post-2310","1":"product","2":"type-product","3":"status-publish","4":"has-post-thumbnail","6":"product_cat-home-living","8":"first","9":"instock","10":"shipping-taxable","11":"purchasable","12":"product-type-simple"},"acf":[],"_links":{"self":[{"href":"https:\/\/hoponnshop.shop\/es\/wp-json\/wp\/v2\/product\/2310","targetHints":{"allow":["GET"]}}],"collection":[{"href":"https:\/\/hoponnshop.shop\/es\/wp-json\/wp\/v2\/product"}],"about":[{"href":"https:\/\/hoponnshop.shop\/es\/wp-json\/wp\/v2\/types\/product"}],"replies":[{"embeddable":true,"href":"https:\/\/hoponnshop.shop\/es\/wp-json\/wp\/v2\/comments?post=2310"}],"version-history":[{"count":0,"href":"https:\/\/hoponnshop.shop\/es\/wp-json\/wp\/v2\/product\/2310\/revisions"}],"wp:featuredmedia":[{"embeddable":true,"href":"https:\/\/hoponnshop.shop\/es\/wp-json\/wp\/v2\/media\/2311"}],"wp:attachment":[{"href":"https:\/\/hoponnshop.shop\/es\/wp-json\/wp\/v2\/media?parent=2310"}],"wp:term":[{"taxonomy":"product_brand","embeddable":true,"href":"https:\/\/hoponnshop.shop\/es\/wp-json\/wp\/v2\/product_brand?post=2310"},{"taxonomy":"product_cat","embeddable":true,"href":"https:\/\/hoponnshop.shop\/es\/wp-json\/wp\/v2\/product_cat?post=2310"},{"taxonomy":"product_tag","embeddable":true,"href":"https:\/\/hoponnshop.shop\/es\/wp-json\/wp\/v2\/product_tag?post=2310"}],"curies":[{"name":"wp","href":"https:\/\/api.w.org\/{rel}","templated":true}]}}